{"id":76,"date":"2022-07-26T13:54:09","date_gmt":"2022-07-26T13:54:09","guid":{"rendered":"https:\/\/aumueller.denkanross.dev\/?page_id=76"},"modified":"2022-07-28T18:39:26","modified_gmt":"2022-07-28T18:39:26","slug":"unser-team","status":"publish","type":"page","link":"https:\/\/aumueller.denkanross.dev\/index.php\/unser-team\/","title":{"rendered":"Unser Team"},"content":{"rendered":"\n<div class=\"wp-block-cover alignfull\" style=\"min-height:400px\"><span aria-hidden=\"true\" class=\"wp-block-cover__background has-primary-background-color has-background-dim-100 has-background-dim\"><\/span><div class=\"wp-block-cover__inner-container\">\n<h1 class=\"has-text-align-center\">Unser Team<\/h1>\n<\/div><\/div>\n\n\n\n<div class=\"is-layout-flow wp-block-group\">\n<h2 class=\"has-text-align-center\"><strong>Ein Praxisteam, das immer f\u00fcr Sie da ist.<\/strong><\/h2>\n\n\n\n<p class=\"has-text-align-center\">Gemeinsam arbeiten wir jeden Tag daran, die Patientenversorgung noch ein kleines St\u00fcck besser und angenehmer zu gestalten. Denn unser Ziel ist es,&nbsp;dass Sie sich bei uns gut aufgehoben f\u00fchlen und jederzeit die bestm\u00f6gliche Behandlung erhalten. Sprechen Sie uns gern an.<\/p>\n<\/div>\n\n\n\n<div class=\"is-layout-flow wp-block-group alignwide\">\n<div id=\"block-block_62dffa7ee7b67\" class=\"content-block block-team-cards\">\n    <div class=\"c-team-card__grid \">\n\n        \n        \n        <div class=\"c-team-card\">\n                        <div class=\"c-team-card__image\">\n                <img loading=\"lazy\" decoding=\"async\" width=\"430\" height=\"520\" src=\"https:\/\/aumueller.denkanross.dev\/wp-content\/uploads\/2022\/07\/aumueller-frederik.jpg\" class=\"attachment-large size-large\" alt=\"\" srcset=\"https:\/\/aumueller.denkanross.dev\/wp-content\/uploads\/2022\/07\/aumueller-frederik.jpg 430w, https:\/\/aumueller.denkanross.dev\/wp-content\/uploads\/2022\/07\/aumueller-frederik-248x300.jpg 248w\" sizes=\"auto, (max-width: 430px) 100vw, 430px\" \/>            <\/div>\n            \n\n\n                        <h5 class=\"c-team-card__headline mb-1\">\n                Frederik Aum\u00fcller            <\/h5>\n            \n                        Facharzt f\u00fcr Innere Medizin<br \/>\r\nDiabetologe <br \/>\r\nRettungs- und Notfallmedizin            \n        <\/div>\n\n        \n        \n        <div class=\"c-team-card\">\n                        <div class=\"c-team-card__image\">\n                <img loading=\"lazy\" decoding=\"async\" width=\"430\" height=\"520\" src=\"https:\/\/aumueller.denkanross.dev\/wp-content\/uploads\/2022\/07\/aumueller-peter.jpg\" class=\"attachment-large size-large\" alt=\"\" srcset=\"https:\/\/aumueller.denkanross.dev\/wp-content\/uploads\/2022\/07\/aumueller-peter.jpg 430w, https:\/\/aumueller.denkanross.dev\/wp-content\/uploads\/2022\/07\/aumueller-peter-248x300.jpg 248w\" sizes=\"auto, (max-width: 430px) 100vw, 430px\" \/>            <\/div>\n            \n\n\n                        <h5 class=\"c-team-card__headline mb-1\">\n                Dr. med. Peter Aum\u00fcller            <\/h5>\n            \n                        Facharzt f\u00fcr Allgemeinmedizin            \n        <\/div>\n\n        \n\n    <\/div>\n<\/div>\n<\/div>\n\n\n\n<div class=\"is-layout-flow wp-block-group alignwide\">\n<div id=\"block-block_62dffae5e7b6a\" class=\"content-block block-team-cards\">\n    <div class=\"c-team-card__grid \">\n\n        \n        \n        <div class=\"c-team-card\">\n                        <div class=\"c-team-card__image\">\n                <img loading=\"lazy\" decoding=\"async\" width=\"430\" height=\"520\" src=\"https:\/\/aumueller.denkanross.dev\/wp-content\/uploads\/2022\/07\/aumueller-susanne.jpg\" class=\"attachment-large size-large\" alt=\"\" srcset=\"https:\/\/aumueller.denkanross.dev\/wp-content\/uploads\/2022\/07\/aumueller-susanne.jpg 430w, https:\/\/aumueller.denkanross.dev\/wp-content\/uploads\/2022\/07\/aumueller-susanne-248x300.jpg 248w\" sizes=\"auto, (max-width: 430px) 100vw, 430px\" \/>            <\/div>\n            \n\n\n                        <h5 class=\"c-team-card__headline mb-1\">\n                Susanne Eddelb\u00fcttel            <\/h5>\n            \n                        Diabetesberaterin DDG<br \/>\r\nWundexpertin ICW            \n        <\/div>\n\n        \n        \n        <div class=\"c-team-card\">\n                        <div class=\"c-team-card__image\">\n                <img loading=\"lazy\" decoding=\"async\" width=\"430\" height=\"520\" src=\"https:\/\/aumueller.denkanross.dev\/wp-content\/uploads\/2022\/07\/aumueller-sabine.jpg\" class=\"attachment-large size-large\" alt=\"\" srcset=\"https:\/\/aumueller.denkanross.dev\/wp-content\/uploads\/2022\/07\/aumueller-sabine.jpg 430w, https:\/\/aumueller.denkanross.dev\/wp-content\/uploads\/2022\/07\/aumueller-sabine-248x300.jpg 248w\" sizes=\"auto, (max-width: 430px) 100vw, 430px\" \/>            <\/div>\n            \n\n\n                        <h5 class=\"c-team-card__headline mb-1\">\n                Sabine Weidel            <\/h5>\n            \n                        Medizinische Fachangestellte<br \/>\r\nMFA Leitung            \n        <\/div>\n\n        \n        \n        <div class=\"c-team-card\">\n                        <div class=\"c-team-card__image\">\n                <img loading=\"lazy\" decoding=\"async\" width=\"430\" height=\"520\" src=\"https:\/\/aumueller.denkanross.dev\/wp-content\/uploads\/2022\/07\/aumueller-katharina.jpg\" class=\"attachment-large size-large\" alt=\"\" srcset=\"https:\/\/aumueller.denkanross.dev\/wp-content\/uploads\/2022\/07\/aumueller-katharina.jpg 430w, https:\/\/aumueller.denkanross.dev\/wp-content\/uploads\/2022\/07\/aumueller-katharina-248x300.jpg 248w\" sizes=\"auto, (max-width: 430px) 100vw, 430px\" \/>            <\/div>\n            \n\n\n                        <h5 class=\"c-team-card__headline mb-1\">\n                Katharina Flaming            <\/h5>\n            \n                        Praxismanagerin            \n        <\/div>\n\n        \n        \n        <div class=\"c-team-card\">\n                        <div class=\"c-team-card__image\">\n                <img loading=\"lazy\" decoding=\"async\" width=\"430\" height=\"520\" src=\"https:\/\/aumueller.denkanross.dev\/wp-content\/uploads\/2022\/07\/aumueller-bianca.jpg\" class=\"attachment-large size-large\" alt=\"\" srcset=\"https:\/\/aumueller.denkanross.dev\/wp-content\/uploads\/2022\/07\/aumueller-bianca.jpg 430w, https:\/\/aumueller.denkanross.dev\/wp-content\/uploads\/2022\/07\/aumueller-bianca-248x300.jpg 248w\" sizes=\"auto, (max-width: 430px) 100vw, 430px\" \/>            <\/div>\n            \n\n\n                        <h5 class=\"c-team-card__headline mb-1\">\n                Bianca Fr\u00f6hlich            <\/h5>\n            \n                        Medizinische Fachangestellte            \n        <\/div>\n\n        \n        \n        <div class=\"c-team-card\">\n                        <div class=\"c-team-card__image\">\n                <img loading=\"lazy\" decoding=\"async\" width=\"430\" height=\"520\" src=\"https:\/\/aumueller.denkanross.dev\/wp-content\/uploads\/2022\/07\/aumueller-kerstin.jpg\" class=\"attachment-large size-large\" alt=\"\" srcset=\"https:\/\/aumueller.denkanross.dev\/wp-content\/uploads\/2022\/07\/aumueller-kerstin.jpg 430w, https:\/\/aumueller.denkanross.dev\/wp-content\/uploads\/2022\/07\/aumueller-kerstin-248x300.jpg 248w\" sizes=\"auto, (max-width: 430px) 100vw, 430px\" \/>            <\/div>\n            \n\n\n                        <h5 class=\"c-team-card__headline mb-1\">\n                Kerstin Kaiser            <\/h5>\n            \n                        Medizinische Fachangestellte            \n        <\/div>\n\n        \n        \n        <div class=\"c-team-card\">\n                        <div class=\"c-team-card__image\">\n                <img loading=\"lazy\" decoding=\"async\" width=\"430\" height=\"520\" src=\"https:\/\/aumueller.denkanross.dev\/wp-content\/uploads\/2022\/07\/aumueller-andrea.jpg\" class=\"attachment-large size-large\" alt=\"\" srcset=\"https:\/\/aumueller.denkanross.dev\/wp-content\/uploads\/2022\/07\/aumueller-andrea.jpg 430w, https:\/\/aumueller.denkanross.dev\/wp-content\/uploads\/2022\/07\/aumueller-andrea-248x300.jpg 248w\" sizes=\"auto, (max-width: 430px) 100vw, 430px\" \/>            <\/div>\n            \n\n\n                        <h5 class=\"c-team-card__headline mb-1\">\n                Karin Kramer            <\/h5>\n            \n                        Medizinische Fachangestellte            \n        <\/div>\n\n        \n        \n        <div class=\"c-team-card\">\n                        <div class=\"c-team-card__image\">\n                <img loading=\"lazy\" decoding=\"async\" width=\"430\" height=\"520\" src=\"https:\/\/aumueller.denkanross.dev\/wp-content\/uploads\/2022\/07\/aumueller-irina.jpg\" class=\"attachment-large size-large\" alt=\"\" srcset=\"https:\/\/aumueller.denkanross.dev\/wp-content\/uploads\/2022\/07\/aumueller-irina.jpg 430w, https:\/\/aumueller.denkanross.dev\/wp-content\/uploads\/2022\/07\/aumueller-irina-248x300.jpg 248w\" sizes=\"auto, (max-width: 430px) 100vw, 430px\" \/>            <\/div>\n            \n\n\n                        <h5 class=\"c-team-card__headline mb-1\">\n                Irina Muravcenko            <\/h5>\n            \n                        Medizinische Fachangestellte<br \/>\r\n(Derzeit in Elternzeit)            \n        <\/div>\n\n        \n        \n        <div class=\"c-team-card\">\n                        <div class=\"c-team-card__image\">\n                <img loading=\"lazy\" decoding=\"async\" width=\"430\" height=\"520\" src=\"https:\/\/aumueller.denkanross.dev\/wp-content\/uploads\/2022\/07\/aumueller-karin.jpg\" class=\"attachment-large size-large\" alt=\"\" srcset=\"https:\/\/aumueller.denkanross.dev\/wp-content\/uploads\/2022\/07\/aumueller-karin.jpg 430w, https:\/\/aumueller.denkanross.dev\/wp-content\/uploads\/2022\/07\/aumueller-karin-248x300.jpg 248w\" sizes=\"auto, (max-width: 430px) 100vw, 430px\" \/>            <\/div>\n            \n\n\n                        <h5 class=\"c-team-card__headline mb-1\">\n                Andrea Schmidt            <\/h5>\n            \n                        Medizinische Fachangestellte            \n        <\/div>\n\n        \n\n    <\/div>\n<\/div>\n<\/div>\n","protected":false},"excerpt":{"rendered":"<p>Ein Praxisteam, das immer f\u00fcr Sie da ist. Gemeinsam arbeiten wir jeden Tag daran, die Patientenversorgung noch ein kleines St\u00fcck besser und angenehmer zu gestalten. Denn unser Ziel ist es,&nbsp;dass Sie sich bei uns gut aufgehoben f\u00fchlen und jederzeit die bestm\u00f6gliche Behandlung erhalten. Sprechen Sie uns gern an.<\/p>\n","protected":false},"author":1,"featured_media":0,"parent":0,"menu_order":0,"comment_status":"closed","ping_status":"closed","template":"","meta":{"footnotes":""},"class_list":["post-76","page","type-page","status-publish","hentry"],"acf":[],"_links":{"self":[{"href":"https:\/\/aumueller.denkanross.dev\/index.php\/wp-json\/wp\/v2\/pages\/76","targetHints":{"allow":["GET"]}}],"collection":[{"href":"https:\/\/aumueller.denkanross.dev\/index.php\/wp-json\/wp\/v2\/pages"}],"about":[{"href":"https:\/\/aumueller.denkanross.dev\/index.php\/wp-json\/wp\/v2\/types\/page"}],"author":[{"embeddable":true,"href":"https:\/\/aumueller.denkanross.dev\/index.php\/wp-json\/wp\/v2\/users\/1"}],"replies":[{"embeddable":true,"href":"https:\/\/aumueller.denkanross.dev\/index.php\/wp-json\/wp\/v2\/comments?post=76"}],"version-history":[{"count":6,"href":"https:\/\/aumueller.denkanross.dev\/index.php\/wp-json\/wp\/v2\/pages\/76\/revisions"}],"predecessor-version":[{"id":117,"href":"https:\/\/aumueller.denkanross.dev\/index.php\/wp-json\/wp\/v2\/pages\/76\/revisions\/117"}],"wp:attachment":[{"href":"https:\/\/aumueller.denkanross.dev\/index.php\/wp-json\/wp\/v2\/media?parent=76"}],"curies":[{"name":"wp","href":"https:\/\/api.w.org\/{rel}","templated":true}]}}