{"id":11,"date":"2022-07-09T23:09:41","date_gmt":"2022-07-09T23:09:41","guid":{"rendered":"https:\/\/aumueller.denkanross.dev\/?page_id=11"},"modified":"2022-07-29T12:21:55","modified_gmt":"2022-07-29T12:21:55","slug":"impressum","status":"publish","type":"page","link":"https:\/\/aumueller.denkanross.dev\/index.php\/impressum\/","title":{"rendered":"Impressum"},"content":{"rendered":"\n<div class=\"wp-block-cover alignfull\" style=\"min-height:400px\"><span aria-hidden=\"true\" class=\"wp-block-cover__background has-primary-background-color has-background-dim-100 has-background-dim\"><\/span><div class=\"wp-block-cover__inner-container\">\n<h1 class=\"has-text-align-center\">Impressum<\/h1>\n<\/div><\/div>\n\n\n\n<div class=\"is-layout-flow wp-block-group\">\n<p><strong>Angaben gem\u00e4\u00df \u00a7 5 Telemediengesetz (TMG) und verantwortlich f\u00fcr den Inhalt<br><\/strong>Frederik Aum\u00fcller<br>Blaum\u00fchleng\u00e4\u00dfchen 1<br>34560 Fritzlar<\/p>\n\n\n\n<p><strong>Kontakt<br><\/strong>Telefon: &nbsp;&nbsp;05622 409 11 10<br>E-Mail:&nbsp;info@praxis-aumueller.de<\/p>\n\n\n\n<p><strong>Gesetzliche Berufsbezeichnung<br><\/strong>Facharzt f\u00fcr Innere Medizin und Diabetologie (Berufsbezeichnung verliehen in: Deutschland)<\/p>\n\n\n\n<p><strong>Zust\u00e4ndige Kammer<br><\/strong>Landes\u00e4rztekammer Hessen<br>Hanauer Landstra\u00dfe 152<br>60314 Frankfurt<\/p>\n\n\n\n<p>(laekh.de)<\/p>\n\n\n\n<p><strong>Zust\u00e4ndige Kassen\u00e4rztliche Vereinigung<br><\/strong>KV Hessen<br>Europa-Allee 90<br>60486 Frankfurt<\/p>\n\n\n\n<p>(www.kvhessen.de)<\/p>\n\n\n\n<p><strong>Hessisches Heilberufsgesetz<br><\/strong><a href=\"https:\/\/www.laekh.de\/images\/Aerzte\/Rund_ums_RechtRechtsquellen\/heilberufsgesetz.pdf\" target=\"_blank\" rel=\"noreferrer noopener\">Heilberufsgesetz ansehen<\/a><\/p>\n\n\n\n<p>Sie k\u00f6nnen zudem die Suchfunktion der Homepage der www.laekh.de mit den Begriffen \u201eBerufsordnung\u201c bzw. mit \u201eHeilberufsgesetz\u201c verwenden.<\/p>\n\n\n\n<p><strong>Haftungsausschluss<br><\/strong>Trotz sorgf\u00e4ltiger inhaltlicher Kontrolle \u00fcbernehmen wir keine Haftung f\u00fcr die Inhalte externer Links. F\u00fcr den Inhalt der verlinkten Seiten sind ausschlie\u00dflich deren Betreiber verantwortlich.<\/p>\n\n\n\n<p>Die Informationen auf dieser Website werden mit Sorgfalt zusammengestellt und regelm\u00e4\u00dfig \u00fcberarbeitet. Der Diensteanbieter, Frederik Aum\u00fcller, \u00fcbernimmt jedoch keine Haftung f\u00fcr \u00dcbertragungsfehler und keine Garantie f\u00fcr Aktualit\u00e4t, Richtigkeit sowie Vollst\u00e4ndigkeit der Angaben.<\/p>\n<\/div>\n","protected":false},"excerpt":{"rendered":"<p>Angaben gem\u00e4\u00df \u00a7 5 Telemediengesetz (TMG) und verantwortlich f\u00fcr den InhaltFrederik Aum\u00fcllerBlaum\u00fchleng\u00e4\u00dfchen 134560 Fritzlar KontaktTelefon: &nbsp;&nbsp;05622 409 11 10E-Mail:&nbsp;info@praxis-aumueller.de Gesetzliche BerufsbezeichnungFacharzt f\u00fcr Innere Medizin und Diabetologie (Berufsbezeichnung verliehen in: Deutschland) Zust\u00e4ndige KammerLandes\u00e4rztekammer HessenHanauer Landstra\u00dfe 15260314 Frankfurt (laekh.de) Zust\u00e4ndige Kassen\u00e4rztliche VereinigungKV HessenEuropa-Allee 9060486 Frankfurt (www.kvhessen.de) Hessisches HeilberufsgesetzHeilberufsgesetz ansehen Sie k\u00f6nnen zudem die Suchfunktion der Homepage der [&hellip;]<\/p>\n","protected":false},"author":1,"featured_media":0,"parent":0,"menu_order":0,"comment_status":"closed","ping_status":"closed","template":"","meta":{"footnotes":""},"class_list":["post-11","page","type-page","status-publish","hentry"],"acf":[],"_links":{"self":[{"href":"https:\/\/aumueller.denkanross.dev\/index.php\/wp-json\/wp\/v2\/pages\/11","targetHints":{"allow":["GET"]}}],"collection":[{"href":"https:\/\/aumueller.denkanross.dev\/index.php\/wp-json\/wp\/v2\/pages"}],"about":[{"href":"https:\/\/aumueller.denkanross.dev\/index.php\/wp-json\/wp\/v2\/types\/page"}],"author":[{"embeddable":true,"href":"https:\/\/aumueller.denkanross.dev\/index.php\/wp-json\/wp\/v2\/users\/1"}],"replies":[{"embeddable":true,"href":"https:\/\/aumueller.denkanross.dev\/index.php\/wp-json\/wp\/v2\/comments?post=11"}],"version-history":[{"count":4,"href":"https:\/\/aumueller.denkanross.dev\/index.php\/wp-json\/wp\/v2\/pages\/11\/revisions"}],"predecessor-version":[{"id":135,"href":"https:\/\/aumueller.denkanross.dev\/index.php\/wp-json\/wp\/v2\/pages\/11\/revisions\/135"}],"wp:attachment":[{"href":"https:\/\/aumueller.denkanross.dev\/index.php\/wp-json\/wp\/v2\/media?parent=11"}],"curies":[{"name":"wp","href":"https:\/\/api.w.org\/{rel}","templated":true}]}}